{"id":314,"date":"2022-06-03T10:35:38","date_gmt":"2022-06-03T09:35:38","guid":{"rendered":"https:\/\/mc.etlslexis.com\/demande-de-devis\/"},"modified":"2022-07-13T10:01:51","modified_gmt":"2022-07-13T09:01:51","slug":"demande-de-devis","status":"publish","type":"page","link":"https:\/\/etlslexis.com\/fr\/demande-de-devis\/","title":{"rendered":"Demande de devis"},"content":{"rendered":"\n<div class=\"wp-block-cover alignfull is-light\"><span aria-hidden=\"true\" class=\"wp-block-cover__background has-background-dim-0 has-background-dim\"><\/span><img decoding=\"async\" class=\"wp-block-cover__image-background wp-image-120\" alt=\"\" src=\"https:\/\/etlslexis.com\/wp-content\/uploads\/2022\/06\/Paris-scaled-1000-441.jpeg\" data-object-fit=\"cover\"\/><div class=\"wp-block-cover__inner-container is-layout-flow wp-block-cover-is-layout-flow\">\n<p class=\"has-text-align-center has-background-color has-text-color has-x-large-font-size\">ETLS LEXIS TRADUCTIONS <\/p>\n\n\n\n<p class=\"has-text-align-center has-background-color has-text-color has-x-large-font-size\">Le partenaire de Traduction sp\u00e9cialis\u00e9 exclusivement en traduction juridique et financi\u00e8re<\/p>\n<\/div><\/div>\n\n<h3 class=\"has-text-align-center wp-block-heading\">Demande de devis<\/h3>\n\n<p class=\"has-text-align-center\">Remplissez le formulaire ci-dessous et t\u00e9l\u00e9chargez le(s) document(s). Nous vous ferons parvenir un devis dans l\u2019heure.<\/p>\n\n<div class=\"wp-block-contact-form-7-contact-form-selector\">\n<div class=\"wpcf7 no-js\" id=\"wpcf7-f311-o1\" lang=\"fr-FR\" dir=\"ltr\" data-wpcf7-id=\"311\">\n<div class=\"screen-reader-response\"><p role=\"status\" aria-live=\"polite\" aria-atomic=\"true\"><\/p> <ul><\/ul><\/div>\n<form action=\"\/fr\/wp-json\/wp\/v2\/pages\/314#wpcf7-f311-o1\" method=\"post\" class=\"wpcf7-form init\" aria-label=\"Formulaire de contact\" enctype=\"multipart\/form-data\" novalidate=\"novalidate\" data-status=\"init\">\n<fieldset class=\"hidden-fields-container\"><input type=\"hidden\" name=\"_wpcf7\" value=\"311\" \/><input type=\"hidden\" name=\"_wpcf7_version\" value=\"6.1.5\" \/><input type=\"hidden\" name=\"_wpcf7_locale\" value=\"fr_FR\" \/><input type=\"hidden\" name=\"_wpcf7_unit_tag\" value=\"wpcf7-f311-o1\" \/><input type=\"hidden\" name=\"_wpcf7_container_post\" value=\"0\" \/><input type=\"hidden\" name=\"_wpcf7_posted_data_hash\" value=\"\" \/><input type=\"hidden\" name=\"_wpcf7_recaptcha_response\" value=\"\" \/>\n<\/fieldset>\n<div class=\"row\">\n\t<div class=\"col-sm-12 input-container\">\n\t\t<p><i class=\"fa fa-user\"><\/i><span class=\"wpcf7-form-control-wrap\" data-name=\"your-name\"><input size=\"40\" maxlength=\"400\" class=\"wpcf7-form-control wpcf7-text wpcf7-validates-as-required\" aria-required=\"true\" aria-invalid=\"false\" placeholder=\"Nom\" value=\"\" type=\"text\" name=\"your-name\" \/><\/span>\n\t\t<\/p>\n\t<\/div>\n\t<div class=\"col-sm-12 input-container\">\n\t\t<p><i class=\"fa fa-at\"><\/i><span class=\"wpcf7-form-control-wrap\" data-name=\"your-email\"><input size=\"40\" maxlength=\"400\" class=\"wpcf7-form-control wpcf7-email wpcf7-validates-as-required wpcf7-text wpcf7-validates-as-email\" aria-required=\"true\" aria-invalid=\"false\" placeholder=\"Email\" value=\"\" type=\"email\" name=\"your-email\" \/><\/span>\n\t\t<\/p>\n\t<\/div>\n\t<div class=\"col-sm-12 input-container\">\n\t\t<p><i class=\"fa fa-phone\"><\/i><span class=\"wpcf7-form-control-wrap\" data-name=\"text-557\"><input size=\"40\" maxlength=\"400\" class=\"wpcf7-form-control wpcf7-text\" aria-invalid=\"false\" placeholder=\"T\u00e9l\u00e9phone\" value=\"\" type=\"text\" name=\"text-557\" \/><\/span>\n\t\t<\/p>\n\t<\/div>\n\t<div class=\"col-sm-12 input-container\">\n\t\t<p><i class=\"fa fa-building-o\"><\/i><span class=\"wpcf7-form-control-wrap\" data-name=\"text-558\"><input size=\"40\" maxlength=\"400\" class=\"wpcf7-form-control wpcf7-text\" aria-invalid=\"false\" placeholder=\"Soci\u00e9t\u00e9\" value=\"\" type=\"text\" name=\"text-558\" \/><\/span>\n\t\t<\/p>\n\t<\/div>\n\t<div class=\"col-sm-12 input-container\">\n\t\t<p><i class=\"fa fa-envelope\"><\/i><span class=\"wpcf7-form-control-wrap\" data-name=\"your-message\"><textarea cols=\"40\" rows=\"10\" maxlength=\"2000\" class=\"wpcf7-form-control wpcf7-textarea\" aria-invalid=\"false\" placeholder=\"Message\" name=\"your-message\"><\/textarea><\/span>\n\t\t<\/p>\n\t<\/div>\n\t<div class=\"col-sm-12 input-container\">\n\t\t<p>Langue de d\u00e9part:<br \/>\n<span class=\"wpcf7-form-control-wrap\" data-name=\"menu-431\"><select class=\"wpcf7-form-control wpcf7-select\" aria-invalid=\"false\" multiple=\"multiple\" name=\"menu-431[]\"><option value=\"anglais\">anglais<\/option><option value=\"fran\u00e7ais\">fran\u00e7ais<\/option><option value=\"italien\">italien<\/option><option value=\"allemand\">allemand<\/option><option value=\"espagnol\">espagnol<\/option><option value=\"russe\">russe<\/option><option value=\"arabe\">arabe<\/option><option value=\"chinois\">chinois<\/option><option value=\"croate\">croate<\/option><option value=\"tch\u00e8que\">tch\u00e8que<\/option><option value=\"danois\">danois<\/option><option value=\"n\u00e9erlandais\">n\u00e9erlandais<\/option><option value=\"grec\">grec<\/option><option value=\"hongrois\">hongrois<\/option><option value=\"japonais\">japonais<\/option><option value=\"norv\u00e9gien\">norv\u00e9gien<\/option><option value=\"polonais\">polonais<\/option><option value=\"portugais\">portugais<\/option><option value=\"roumain\">roumain<\/option><option value=\"serbe\">serbe<\/option><option value=\"su\u00e9dois\">su\u00e9dois<\/option><option value=\"turc\">turc<\/option><option value=\"ukrainien\">ukrainien<\/option><\/select><\/span>\n\t\t<\/p>\n\t<\/div>\n\t<div class=\"col-sm-12 input-container\">\n\t\t<p>Langue(s) d\u2019arriv\u00e9e:<br \/>\n<span class=\"wpcf7-form-control-wrap\" data-name=\"menu-432\"><select class=\"wpcf7-form-control wpcf7-select\" aria-invalid=\"false\" multiple=\"multiple\" name=\"menu-432[]\"><option value=\"anglais\">anglais<\/option><option value=\"fran\u00e7ais\">fran\u00e7ais<\/option><option value=\"italien\">italien<\/option><option value=\"allemand\">allemand<\/option><option value=\"espagnol\">espagnol<\/option><option value=\"russe\">russe<\/option><option value=\"arabe\">arabe<\/option><option value=\"chinois\">chinois<\/option><option value=\"croate\">croate<\/option><option value=\"tch\u00e8que\">tch\u00e8que<\/option><option value=\"danois\">danois<\/option><option value=\"n\u00e9erlandais\">n\u00e9erlandais<\/option><option value=\"grec\">grec<\/option><option value=\"hongrois\">hongrois<\/option><option value=\"japonais\">japonais<\/option><option value=\"norv\u00e9gien\">norv\u00e9gien<\/option><option value=\"polonais\">polonais<\/option><option value=\"portugais\">portugais<\/option><option value=\"roumain\">roumain<\/option><option value=\"serbe\">serbe<\/option><option value=\"su\u00e9dois\">su\u00e9dois<\/option><option value=\"turc\">turc<\/option><option value=\"ukrainien\">ukrainien<\/option><\/select><\/span>\n\t\t<\/p>\n\t<\/div>\n\t<div class=\"col-sm-12 input-container\">\n\t\t<p>Attachez le(s) document(s):<br \/>\n<span class=\"wpcf7-form-control-wrap\" data-name=\"file-921\"><input size=\"40\" class=\"wpcf7-form-control wpcf7-file\" accept=\"audio\/*,video\/*,image\/*\" aria-invalid=\"false\" type=\"file\" name=\"file-921\" \/><\/span>\n\t\t<\/p>\n\t<\/div>\n\t<div class=\"col-sm-12\">\n\t\t<p><input class=\"wpcf7-form-control wpcf7-submit has-spinner button\" type=\"submit\" value=\"ENVOI\" \/>\n\t\t<\/p>\n\t<\/div>\n\t<div class=\"mc-grecaptcha\">\n\t\t<p>This site is protected by reCAPTCHA and the Google <a href=\"https:\/\/policies.google.com\/privacy\">Privacy Policy<\/a> and <a href=\"https:\/\/policies.google.com\/terms\">Terms of Service<\/a> apply.\n\t\t<\/p>\n\t<\/div>\n<\/div><div class=\"wpcf7-response-output\" aria-hidden=\"true\"><\/div>\n<\/form>\n<\/div>\n<\/div>\n","protected":false},"excerpt":{"rendered":"<p>Demande de devis Remplissez le formulaire ci-dessous et t\u00e9l\u00e9chargez le(s) document(s). Nous vous ferons parvenir un devis dans l\u2019heure.<\/p>\n","protected":false},"author":1,"featured_media":0,"parent":0,"menu_order":0,"comment_status":"closed","ping_status":"closed","template":"","meta":{"footnotes":""},"class_list":["post-314","page","type-page","status-publish","hentry"],"pbg_featured_image_src":{"full":false,"thumbnail":false,"medium":false,"medium_large":false,"large":false,"gs-tiny":false,"xl":false,"xxl":false,"xxxl":false,"xxxxl":false,"xxxxxl":false,"1536x1536":false,"2048x2048":false,"ultp_layout_landscape_large":false,"ultp_layout_landscape":false,"ultp_layout_portrait":false,"ultp_layout_square":false},"pbg_author_info":{"display_name":"maxicandi","author_link":"https:\/\/etlslexis.com\/fr\/author\/admin\/","author_img":"<img alt='maxicandi' src='https:\/\/secure.gravatar.com\/avatar\/b0a27b2d5e360190e202ab2da3df8484969ed868caf4f0f5eba0414438b438fe?s=128&#038;d=mm&#038;r=g' srcset='https:\/\/secure.gravatar.com\/avatar\/b0a27b2d5e360190e202ab2da3df8484969ed868caf4f0f5eba0414438b438fe?s=256&#038;d=mm&#038;r=g 2x' class='avatar avatar-128 photo' height='128' width='128' loading='lazy' decoding='async'\/>"},"pbg_comment_info":" No Comments","pbg_excerpt":"Demande de devis Remplissez le formulaire ci-dessous et t\u00e9l\u00e9chargez le(s) document(s). Nous vous ferons parvenir un devis dans l\u2019heure.","_links":{"self":[{"href":"https:\/\/etlslexis.com\/fr\/wp-json\/wp\/v2\/pages\/314","targetHints":{"allow":["GET"]}}],"collection":[{"href":"https:\/\/etlslexis.com\/fr\/wp-json\/wp\/v2\/pages"}],"about":[{"href":"https:\/\/etlslexis.com\/fr\/wp-json\/wp\/v2\/types\/page"}],"author":[{"embeddable":true,"href":"https:\/\/etlslexis.com\/fr\/wp-json\/wp\/v2\/users\/1"}],"replies":[{"embeddable":true,"href":"https:\/\/etlslexis.com\/fr\/wp-json\/wp\/v2\/comments?post=314"}],"version-history":[{"count":11,"href":"https:\/\/etlslexis.com\/fr\/wp-json\/wp\/v2\/pages\/314\/revisions"}],"predecessor-version":[{"id":734,"href":"https:\/\/etlslexis.com\/fr\/wp-json\/wp\/v2\/pages\/314\/revisions\/734"}],"wp:attachment":[{"href":"https:\/\/etlslexis.com\/fr\/wp-json\/wp\/v2\/media?parent=314"}],"curies":[{"name":"wp","href":"https:\/\/api.w.org\/{rel}","templated":true}]}}