{"id":322,"date":"2022-06-03T10:12:51","date_gmt":"2022-06-03T09:12:51","guid":{"rendered":"https:\/\/mc.etlslexis.com\/travaille-avec-nous\/"},"modified":"2022-06-25T19:27:44","modified_gmt":"2022-06-25T18:27:44","slug":"travaille-avec-nous","status":"publish","type":"page","link":"https:\/\/etlslexis.com\/fr\/travaille-avec-nous\/","title":{"rendered":"Travaille avec nous"},"content":{"rendered":"\n<h2 class=\"wp-block-heading\">Rejoignez notre \u00e9quipe de traducteurs!<\/h2>\n\n<p>Nous sommes toujours \u00e0 la recherche de traducteurs chevronn\u00e9s pour compl\u00e9ter notre \u00e9quipe d\u2019experts.<\/p>\n\n<p>Nous sommes tout particuli\u00e8rement int\u00e9ress\u00e9s par des traducteurs et relecteurs ayant acquis une exp\u00e9rience professionnelle dans les secteurs juridiques et financiers.<\/p>\n\n<p>Si votre profil correspond, merci de remplir le formulaire ci-dessous et de faire parvenir votre CV.<\/p>\n\n<div class=\"wp-block-contact-form-7-contact-form-selector\">\n<div class=\"wpcf7 no-js\" id=\"wpcf7-f231-o1\" lang=\"fr-FR\" dir=\"ltr\" data-wpcf7-id=\"231\">\n<div class=\"screen-reader-response\"><p role=\"status\" aria-live=\"polite\" aria-atomic=\"true\"><\/p> <ul><\/ul><\/div>\n<form action=\"\/fr\/wp-json\/wp\/v2\/pages\/322#wpcf7-f231-o1\" method=\"post\" class=\"wpcf7-form init\" aria-label=\"Formulaire de contact\" enctype=\"multipart\/form-data\" novalidate=\"novalidate\" data-status=\"init\">\n<fieldset class=\"hidden-fields-container\"><input type=\"hidden\" name=\"_wpcf7\" value=\"231\" \/><input type=\"hidden\" name=\"_wpcf7_version\" value=\"6.1.5\" \/><input type=\"hidden\" name=\"_wpcf7_locale\" value=\"fr_FR\" \/><input type=\"hidden\" name=\"_wpcf7_unit_tag\" value=\"wpcf7-f231-o1\" \/><input type=\"hidden\" name=\"_wpcf7_container_post\" value=\"0\" \/><input type=\"hidden\" name=\"_wpcf7_posted_data_hash\" value=\"\" \/><input type=\"hidden\" name=\"_wpcf7_recaptcha_response\" value=\"\" \/>\n<\/fieldset>\n<div class=\"row\">\n\t<div class=\"col-sm-12 input-container\">\n\t\t<p><i class=\"fa fa-user\"><\/i><span class=\"wpcf7-form-control-wrap\" data-name=\"your-name\"><input size=\"40\" maxlength=\"400\" class=\"wpcf7-form-control wpcf7-text wpcf7-validates-as-required\" aria-required=\"true\" aria-invalid=\"false\" placeholder=\"Nom\" value=\"\" type=\"text\" name=\"your-name\" \/><\/span>\n\t\t<\/p>\n\t<\/div>\n\t<div class=\"col-sm-12 input-container\">\n\t\t<p><i class=\"fa fa-at\"><\/i><span class=\"wpcf7-form-control-wrap\" data-name=\"your-email\"><input size=\"40\" maxlength=\"400\" class=\"wpcf7-form-control wpcf7-email wpcf7-validates-as-required wpcf7-text wpcf7-validates-as-email\" aria-required=\"true\" aria-invalid=\"false\" placeholder=\"E-mail\" value=\"\" type=\"email\" name=\"your-email\" \/><\/span>\n\t\t<\/p>\n\t<\/div>\n\t<div class=\"col-sm-12 input-container\">\n\t\t<p><i class=\"fa fa-envelope\"><\/i><span class=\"wpcf7-form-control-wrap\" data-name=\"your-message\"><textarea cols=\"40\" rows=\"10\" maxlength=\"2000\" class=\"wpcf7-form-control wpcf7-textarea\" aria-invalid=\"false\" placeholder=\"Message\" name=\"your-message\"><\/textarea><\/span>\n\t\t<\/p>\n\t<\/div>\n\t<div class=\"col-sm-12 input-container\">\n\t\t<p>Attachez votre CV:<br \/>\n<span class=\"wpcf7-form-control-wrap\" data-name=\"file-921\"><input size=\"40\" class=\"wpcf7-form-control wpcf7-file\" accept=\"audio\/*,video\/*,image\/*\" aria-invalid=\"false\" type=\"file\" name=\"file-921\" \/><\/span>\n\t\t<\/p>\n\t<\/div>\n\t<div class=\"col-sm-12\">\n\t\t<p><input class=\"wpcf7-form-control wpcf7-submit has-spinner button\" type=\"submit\" value=\"ENVOYER\" \/>\n\t\t<\/p>\n\t<\/div>\n\t<div class=\"mc-grecaptcha\">\n\t\t<p>This site is protected by reCAPTCHA and the Google <a href=\"https:\/\/policies.google.com\/privacy\">Privacy Policy<\/a> and <a href=\"https:\/\/policies.google.com\/terms\">Terms of Service<\/a> apply.\n\t\t<\/p>\n\t<\/div>\n<\/div><div class=\"wpcf7-response-output\" aria-hidden=\"true\"><\/div>\n<\/form>\n<\/div>\n<\/div>\n","protected":false},"excerpt":{"rendered":"<p>Rejoignez notre \u00e9quipe de traducteurs! Nous sommes toujours \u00e0 la recherche de traducteurs chevronn\u00e9s pour compl\u00e9ter notre \u00e9quipe d\u2019experts. Nous sommes tout particuli\u00e8rement int\u00e9ress\u00e9s par des traducteurs et relecteurs ayant acquis une exp\u00e9rience professionnelle dans les secteurs juridiques et financiers. Si votre profil correspond, merci de remplir le formulaire ci-dessous et de faire parvenir votre [&hellip;]<\/p>\n","protected":false},"author":1,"featured_media":0,"parent":0,"menu_order":0,"comment_status":"closed","ping_status":"closed","template":"","meta":{"footnotes":""},"class_list":["post-322","page","type-page","status-publish","hentry"],"pbg_featured_image_src":{"full":false,"thumbnail":false,"medium":false,"medium_large":false,"large":false,"gs-tiny":false,"xl":false,"xxl":false,"xxxl":false,"xxxxl":false,"xxxxxl":false,"1536x1536":false,"2048x2048":false,"ultp_layout_landscape_large":false,"ultp_layout_landscape":false,"ultp_layout_portrait":false,"ultp_layout_square":false},"pbg_author_info":{"display_name":"maxicandi","author_link":"https:\/\/etlslexis.com\/fr\/author\/admin\/","author_img":"<img alt='maxicandi' src='https:\/\/secure.gravatar.com\/avatar\/b0a27b2d5e360190e202ab2da3df8484969ed868caf4f0f5eba0414438b438fe?s=128&#038;d=mm&#038;r=g' srcset='https:\/\/secure.gravatar.com\/avatar\/b0a27b2d5e360190e202ab2da3df8484969ed868caf4f0f5eba0414438b438fe?s=256&#038;d=mm&#038;r=g 2x' class='avatar avatar-128 photo' height='128' width='128' loading='lazy' decoding='async'\/>"},"pbg_comment_info":" No Comments","pbg_excerpt":"Rejoignez notre \u00e9quipe de traducteurs! Nous sommes toujours \u00e0 la recherche de traducteurs chevronn\u00e9s pour compl\u00e9ter notre \u00e9quipe d\u2019experts. Nous sommes tout particuli\u00e8rement int\u00e9ress\u00e9s par des traducteurs et relecteurs ayant acquis une exp\u00e9rience professionnelle dans les secteurs juridiques et financiers. Si votre profil correspond, merci de remplir le formulaire ci-dessous et de faire parvenir votre\u2026","_links":{"self":[{"href":"https:\/\/etlslexis.com\/fr\/wp-json\/wp\/v2\/pages\/322","targetHints":{"allow":["GET"]}}],"collection":[{"href":"https:\/\/etlslexis.com\/fr\/wp-json\/wp\/v2\/pages"}],"about":[{"href":"https:\/\/etlslexis.com\/fr\/wp-json\/wp\/v2\/types\/page"}],"author":[{"embeddable":true,"href":"https:\/\/etlslexis.com\/fr\/wp-json\/wp\/v2\/users\/1"}],"replies":[{"embeddable":true,"href":"https:\/\/etlslexis.com\/fr\/wp-json\/wp\/v2\/comments?post=322"}],"version-history":[{"count":1,"href":"https:\/\/etlslexis.com\/fr\/wp-json\/wp\/v2\/pages\/322\/revisions"}],"predecessor-version":[{"id":323,"href":"https:\/\/etlslexis.com\/fr\/wp-json\/wp\/v2\/pages\/322\/revisions\/323"}],"wp:attachment":[{"href":"https:\/\/etlslexis.com\/fr\/wp-json\/wp\/v2\/media?parent=322"}],"curies":[{"name":"wp","href":"https:\/\/api.w.org\/{rel}","templated":true}]}}